{"id":775,"date":"2021-01-12T21:14:52","date_gmt":"2021-01-12T20:14:52","guid":{"rendered":"https:\/\/lars-keitel.de\/?page_id=775"},"modified":"2021-01-12T22:30:08","modified_gmt":"2021-01-12T21:30:08","slug":"unterstuetzen","status":"publish","type":"page","link":"https:\/\/lars-keitel.de\/index.php\/unterstuetzen\/","title":{"rendered":"Unterst\u00fctzen"},"content":{"rendered":"<p><div class=\"fusion-fullwidth fullwidth-box fusion-builder-row-1 fusion-flex-container nonhundred-percent-fullwidth non-hundred-percent-height-scrolling\" style=\"--awb-border-radius-top-left:0px;--awb-border-radius-top-right:0px;--awb-border-radius-bottom-right:0px;--awb-border-radius-bottom-left:0px;\" ><div class=\"fusion-builder-row fusion-row fusion-flex-align-items-flex-start\" style=\"max-width:1248px;margin-left: calc(-4% \/ 2 );margin-right: calc(-4% \/ 2 );\"><div class=\"fusion-layout-column fusion_builder_column fusion-builder-column-0 fusion_builder_column_1_5 1_5 fusion-flex-column\" style=\"--awb-bg-size:cover;--awb-width-large:20%;--awb-margin-top-large:0px;--awb-spacing-right-large:9.6%;--awb-margin-bottom-large:20px;--awb-spacing-left-large:9.6%;--awb-width-medium:20%;--awb-order-medium:0;--awb-spacing-right-medium:9.6%;--awb-spacing-left-medium:9.6%;--awb-width-small:100%;--awb-order-small:0;--awb-spacing-right-small:1.92%;--awb-spacing-left-small:1.92%;\"><div class=\"fusion-column-wrapper fusion-column-has-shadow fusion-flex-justify-content-flex-start fusion-content-layout-column\"><div class=\"fusion-image-element \" style=\"--awb-caption-title-size:var(--h2_typography-font-size);--awb-caption-title-transform:var(--h2_typography-text-transform);--awb-caption-title-line-height:var(--h2_typography-line-height);--awb-caption-title-letter-spacing:var(--h2_typography-letter-spacing);\"><span class=\" fusion-imageframe imageframe-none imageframe-1 hover-type-none\"><img decoding=\"async\" width=\"200\" height=\"263\" alt=\"Lars Keitel\" title=\"Lars-Keitel_10_geschnitten_Variante2_cmyk_72dpi\" src=\"data:image\/svg+xml,%3Csvg%20xmlns%3D%27http%3A%2F%2Fwww.w3.org%2F2000%2Fsvg%27%20width%3D%27200%27%20height%3D%27263%27%20viewBox%3D%270%200%20200%20263%27%3E%3Crect%20width%3D%27200%27%20height%3D%27263%27%20fill-opacity%3D%220%22%2F%3E%3C%2Fsvg%3E\" data-orig-src=\"https:\/\/lars-keitel.de\/wp-content\/uploads\/2021\/01\/Lars-Keitel_10_geschnitten_Variante2_cmyk_72dpi.jpg\" class=\"lazyload img-responsive wp-image-806\"\/><\/span><\/div><\/div><\/div><div class=\"fusion-layout-column fusion_builder_column fusion-builder-column-1 fusion_builder_column_4_5 4_5 fusion-flex-column\" style=\"--awb-bg-size:cover;--awb-width-large:80%;--awb-margin-top-large:0px;--awb-spacing-right-large:2.4%;--awb-margin-bottom-large:20px;--awb-spacing-left-large:2.4%;--awb-width-medium:80%;--awb-order-medium:0;--awb-spacing-right-medium:2.4%;--awb-spacing-left-medium:2.4%;--awb-width-small:100%;--awb-order-small:0;--awb-spacing-right-small:1.92%;--awb-spacing-left-small:1.92%;\"><div class=\"fusion-column-wrapper fusion-column-has-shadow fusion-flex-justify-content-flex-start fusion-content-layout-column\"><div class=\"fusion-text fusion-text-1\"><h4>Liebe Friedrichsdorferinnen, liebe Friedrichsdorfer,<br \/>\nliebe Freundinnen und Freunde,<\/h4>\n<p>bei der B\u00fcrgermeisterwahl am 14. M\u00e4rz 2021 bewerbe ich mich als Kandidat der Gr\u00fcnen.<br \/>\nM\u00f6chten Sie meine B\u00fcrgermeisterkandidatur unterst\u00fctzen?<br \/>\nDann gibt es viele M\u00f6glichkeiten:<\/p>\n<p>Empfehlen Sie mich in Ihrem pers\u00f6nlichen Umfeld, bei Freund*innen, Nachbar*innen und Verwandten.<br \/>\nUnd gehen Sie auch selbst zur Wahl oder nutzen Sie die M\u00f6glichkeit der Briefwahl.<\/p>\n<\/div><\/div><\/div><\/div><\/div><div class=\"fusion-fullwidth fullwidth-box fusion-builder-row-2 fusion-flex-container nonhundred-percent-fullwidth non-hundred-percent-height-scrolling\" style=\"--awb-border-radius-top-left:0px;--awb-border-radius-top-right:0px;--awb-border-radius-bottom-right:0px;--awb-border-radius-bottom-left:0px;\" ><div class=\"fusion-builder-row fusion-row fusion-flex-align-items-flex-start\" style=\"max-width:1248px;margin-left: calc(-4% \/ 2 );margin-right: calc(-4% \/ 2 );\"><div class=\"fusion-layout-column fusion_builder_column fusion-builder-column-2 fusion_builder_column_1_2 1_2 fusion-flex-column\" style=\"--awb-bg-size:cover;--awb-width-large:50%;--awb-margin-top-large:0px;--awb-spacing-right-large:3.84%;--awb-margin-bottom-large:20px;--awb-spacing-left-large:3.84%;--awb-width-medium:50%;--awb-order-medium:0;--awb-spacing-right-medium:3.84%;--awb-spacing-left-medium:3.84%;--awb-width-small:100%;--awb-order-small:0;--awb-spacing-right-small:1.92%;--awb-spacing-left-small:1.92%;\"><div class=\"fusion-column-wrapper fusion-column-has-shadow fusion-flex-justify-content-flex-start fusion-content-layout-column\"><div class=\"fusion-text fusion-text-2\"><h5>Soziale Medien<\/h5>\n<p>Nutzen Sie Soziale Medien?<br \/>\nDann folgen Sie meinen Accounts, liken und teilen meine Beitr\u00e4ge.<\/p>\n<p>Facebook: <a href=\"https:\/\/www.facebook.com\/lars.keitel.5\" target=\"_blank\" rel=\"noopener\">www.facebook.com\/lars.keitel.5<\/a><\/p>\n<p>Instagram: <a href=\"https:\/\/www.instagram.com\/larskeitel\" target=\"_blank\" rel=\"noopener\">www.instagram.com\/larskeitel<\/a><\/p>\n<p>Youtube: <a href=\"https:\/\/www.youtube.com\/channel\/UCltCq0PPTnuanwJag-nyh0A\" target=\"_blank\" rel=\"noopener\">Lars Keitel<\/a><\/p>\n<\/div><\/div><\/div><div class=\"fusion-layout-column fusion_builder_column fusion-builder-column-3 fusion_builder_column_1_2 1_2 fusion-flex-column\" style=\"--awb-bg-size:cover;--awb-width-large:50%;--awb-margin-top-large:0px;--awb-spacing-right-large:3.84%;--awb-margin-bottom-large:20px;--awb-spacing-left-large:3.84%;--awb-width-medium:50%;--awb-order-medium:0;--awb-spacing-right-medium:3.84%;--awb-spacing-left-medium:3.84%;--awb-width-small:100%;--awb-order-small:0;--awb-spacing-right-small:1.92%;--awb-spacing-left-small:1.92%;\"><div class=\"fusion-column-wrapper fusion-column-has-shadow fusion-flex-justify-content-flex-start fusion-content-layout-column\"><div class=\"fusion-text fusion-text-3\"><h5>Wahlplakate<\/h5>\n<p>Haben Sie, die M\u00f6glichkeit, auf Ihrem Grundst\u00fcck\/an Ihrem Haus ein WAHLPLAKAT anzubringen?<br \/>\nDann nehmen Sie gern Kontakt auf.<\/p>\n<p>Telefon: 0173 377 2176<br \/>\nE-Mail: <a href=\"mailto:info@lars-keitel.de\">info@lars-keitel.de<\/a><\/p>\n<\/div><\/div><\/div><\/div><\/div><div class=\"fusion-fullwidth fullwidth-box fusion-builder-row-3 fusion-flex-container nonhundred-percent-fullwidth non-hundred-percent-height-scrolling\" style=\"--awb-border-radius-top-left:0px;--awb-border-radius-top-right:0px;--awb-border-radius-bottom-right:0px;--awb-border-radius-bottom-left:0px;\" ><div class=\"fusion-builder-row fusion-row fusion-flex-align-items-flex-start\" style=\"max-width:1248px;margin-left: calc(-4% \/ 2 );margin-right: calc(-4% \/ 2 );\"><div class=\"fusion-layout-column fusion_builder_column fusion-builder-column-4 fusion_builder_column_1_1 1_1 fusion-flex-column\" style=\"--awb-bg-size:cover;--awb-width-large:100%;--awb-margin-top-large:0px;--awb-spacing-right-large:1.92%;--awb-margin-bottom-large:20px;--awb-spacing-left-large:1.92%;--awb-width-medium:100%;--awb-order-medium:0;--awb-spacing-right-medium:1.92%;--awb-spacing-left-medium:1.92%;--awb-width-small:100%;--awb-order-small:0;--awb-spacing-right-small:1.92%;--awb-spacing-left-small:1.92%;\"><div class=\"fusion-column-wrapper fusion-column-has-shadow fusion-flex-justify-content-flex-start fusion-content-layout-column\"><div class=\"fusion-text fusion-text-4\"><h5>Spenden<\/h5>\n<p>Auch eine Spende hilft sehr! Wahlwerbung kostet Geld und eine Kommunal- und B\u00fcrgermeisterwahlkampagne wird vor Ort organisiert und finanziert.<br \/>\nIhre Spende k\u00f6nnen Sie bei Ihrer n\u00e4chsten Steuererkl\u00e4rung geltend machen. Unser Spendenkonto bei der Taunussparkasse lautet:<\/p>\n<p>B\u00fcndnis 90\/Die Gr\u00fcnen Friedrichsdorf<br \/>\nIBAN: DE15 5125 0000 0048 00 2064<br \/>\nBIC: HELADEF1TSK<br \/>\nVerwendungszweck: \u201eLars Keitel\u201c oder \u201eB\u00fcrgermeisterwahl\u201c und Ihre Adresse f\u00fcr die Spendenquittung<\/p>\n<\/div><\/div><\/div><\/div><\/div><\/p>\n","protected":false},"excerpt":{"rendered":"","protected":false},"author":1,"featured_media":0,"parent":0,"menu_order":0,"comment_status":"closed","ping_status":"closed","template":"","meta":[],"_links":{"self":[{"href":"https:\/\/lars-keitel.de\/index.php\/wp-json\/wp\/v2\/pages\/775"}],"collection":[{"href":"https:\/\/lars-keitel.de\/index.php\/wp-json\/wp\/v2\/pages"}],"about":[{"href":"https:\/\/lars-keitel.de\/index.php\/wp-json\/wp\/v2\/types\/page"}],"author":[{"embeddable":true,"href":"https:\/\/lars-keitel.de\/index.php\/wp-json\/wp\/v2\/users\/1"}],"replies":[{"embeddable":true,"href":"https:\/\/lars-keitel.de\/index.php\/wp-json\/wp\/v2\/comments?post=775"}],"version-history":[{"count":12,"href":"https:\/\/lars-keitel.de\/index.php\/wp-json\/wp\/v2\/pages\/775\/revisions"}],"predecessor-version":[{"id":812,"href":"https:\/\/lars-keitel.de\/index.php\/wp-json\/wp\/v2\/pages\/775\/revisions\/812"}],"wp:attachment":[{"href":"https:\/\/lars-keitel.de\/index.php\/wp-json\/wp\/v2\/media?parent=775"}],"curies":[{"name":"wp","href":"https:\/\/api.w.org\/{rel}","templated":true}]}}