{"id":958,"date":"2021-01-21T23:04:25","date_gmt":"2021-01-21T22:04:25","guid":{"rendered":"https:\/\/lars-keitel.de\/?page_id=958"},"modified":"2021-01-21T23:04:25","modified_gmt":"2021-01-21T22:04:25","slug":"gruene-friedrichsdorf","status":"publish","type":"page","link":"https:\/\/lars-keitel.de\/index.php\/gruene-friedrichsdorf\/","title":{"rendered":"Gr\u00fcne Friedrichsdorf"},"content":{"rendered":"<div class=\"fusion-fullwidth fullwidth-box fusion-builder-row-1 fusion-flex-container nonhundred-percent-fullwidth non-hundred-percent-height-scrolling\" style=\"--awb-border-radius-top-left:0px;--awb-border-radius-top-right:0px;--awb-border-radius-bottom-right:0px;--awb-border-radius-bottom-left:0px;\" ><div class=\"fusion-builder-row fusion-row fusion-flex-align-items-flex-start\" style=\"max-width:1248px;margin-left: calc(-4% \/ 2 );margin-right: calc(-4% \/ 2 );\"><div class=\"fusion-layout-column fusion_builder_column fusion-builder-column-0 fusion_builder_column_2_3 2_3 fusion-flex-column\" style=\"--awb-bg-size:cover;--awb-width-large:66.666666666667%;--awb-margin-top-large:0px;--awb-spacing-right-large:2.88%;--awb-margin-bottom-large:20px;--awb-spacing-left-large:2.88%;--awb-width-medium:66.666666666667%;--awb-order-medium:0;--awb-spacing-right-medium:2.88%;--awb-spacing-left-medium:2.88%;--awb-width-small:100%;--awb-order-small:0;--awb-spacing-right-small:1.92%;--awb-spacing-left-small:1.92%;\"><div class=\"fusion-column-wrapper fusion-column-has-shadow fusion-flex-justify-content-flex-start fusion-content-layout-column\"><div class=\"fusion-image-element \" style=\"--awb-caption-title-size:var(--h2_typography-font-size);--awb-caption-title-transform:var(--h2_typography-text-transform);--awb-caption-title-line-height:var(--h2_typography-line-height);--awb-caption-title-letter-spacing:var(--h2_typography-letter-spacing);\"><span class=\" fusion-imageframe imageframe-none imageframe-1 hover-type-none\"><a class=\"fusion-no-lightbox\" href=\"https:\/\/gruene-friedrichsdorf.de\/startseite\/\" target=\"_self\" aria-label=\"Website Gr\u00fcne\"><img decoding=\"async\" width=\"768\" height=\"377\" src=\"data:image\/svg+xml,%3Csvg%20xmlns%3D%27http%3A%2F%2Fwww.w3.org%2F2000%2Fsvg%27%20width%3D%27768%27%20height%3D%27377%27%20viewBox%3D%270%200%20768%20377%27%3E%3Crect%20width%3D%27768%27%20height%3D%27377%27%20fill-opacity%3D%220%22%2F%3E%3C%2Fsvg%3E\" data-orig-src=\"https:\/\/lars-keitel.de\/wp-content\/uploads\/2021\/01\/Website-Gruene-e1611170490647.jpg\" alt class=\"lazyload img-responsive wp-image-885\"\/><\/a><\/span><\/div><div class=\"fusion-text fusion-text-1\"><p>Hier geht es zur Homepage der <a href=\"https:\/\/gruene-friedrichsdorf.de\/startseite\/\">Friedrichsdorfer Gr\u00fcnen &gt;&gt;<\/a><\/p>\n<\/div><\/div><\/div><div class=\"fusion-layout-column fusion_builder_column fusion-builder-column-1 fusion_builder_column_1_3 1_3 fusion-flex-column\" style=\"--awb-bg-size:cover;--awb-width-large:33.333333333333%;--awb-margin-top-large:0px;--awb-spacing-right-large:5.76%;--awb-margin-bottom-large:20px;--awb-spacing-left-large:5.76%;--awb-width-medium:33.333333333333%;--awb-order-medium:0;--awb-spacing-right-medium:5.76%;--awb-spacing-left-medium:5.76%;--awb-width-small:100%;--awb-order-small:0;--awb-spacing-right-small:1.92%;--awb-spacing-left-small:1.92%;\"><div class=\"fusion-column-wrapper fusion-column-has-shadow fusion-flex-justify-content-flex-start fusion-content-layout-column\"><div class=\"fusion-text fusion-text-2\"><p class=\"bodytext\">Liebe Friedrichsdorfer B\u00fcrgerinnen und B\u00fcrger,<\/p>\n<p class=\"bodytext\">am 14. M\u00e4rz 2021 werden hessenweit die politischen Karten neu gemischt, denn es wird in den Kommunen gew\u00e4hlt! Auch die B\u00fcrgerinnen und B\u00fcrger der Stadt Friedrichsdorf sind aufgerufen, die Zusammensetzung ihrer Stadtverordnetenversammlung und der Ortsbeir\u00e4te neu zu bestimmen. Die Wahlen haben damit den entscheidenden Einfluss auf die Fraktionsgr\u00f6\u00dfen der Parteien und somit auch auf die zuk\u00fcnftige Stadtregierung und deren Politik.<\/p>\n<p class=\"bodytext\">Zusammen mit Ihnen wollen wir GR\u00dcNE unsere lebenswerte Stadt weiter voranbringen. Zusammen m\u00f6chten wir Friedrichsdorf klimafreundlich, sozial und f\u00fcr B\u00fcrger*innen und Wirtschaft attraktiv gestalten.<\/p>\n<p><a class=\"download\" title=\"Initiates file download\" href=\"https:\/\/gruene-friedrichsdorf.de\/userspace\/HE\/ov_friedrichsdorf\/Dokumente\/Wahlprogramm_Gruene_Friedrichsdorf_2021.pdf\">Wahlprogramm Gr\u00fcne Friedrichsdorf 2021<\/a><\/p>\n<\/div><\/div><\/div><\/div><\/div>\n","protected":false},"excerpt":{"rendered":"","protected":false},"author":2,"featured_media":0,"parent":0,"menu_order":0,"comment_status":"closed","ping_status":"closed","template":"","meta":[],"_links":{"self":[{"href":"https:\/\/lars-keitel.de\/index.php\/wp-json\/wp\/v2\/pages\/958"}],"collection":[{"href":"https:\/\/lars-keitel.de\/index.php\/wp-json\/wp\/v2\/pages"}],"about":[{"href":"https:\/\/lars-keitel.de\/index.php\/wp-json\/wp\/v2\/types\/page"}],"author":[{"embeddable":true,"href":"https:\/\/lars-keitel.de\/index.php\/wp-json\/wp\/v2\/users\/2"}],"replies":[{"embeddable":true,"href":"https:\/\/lars-keitel.de\/index.php\/wp-json\/wp\/v2\/comments?post=958"}],"version-history":[{"count":1,"href":"https:\/\/lars-keitel.de\/index.php\/wp-json\/wp\/v2\/pages\/958\/revisions"}],"predecessor-version":[{"id":960,"href":"https:\/\/lars-keitel.de\/index.php\/wp-json\/wp\/v2\/pages\/958\/revisions\/960"}],"wp:attachment":[{"href":"https:\/\/lars-keitel.de\/index.php\/wp-json\/wp\/v2\/media?parent=958"}],"curies":[{"name":"wp","href":"https:\/\/api.w.org\/{rel}","templated":true}]}}